{"id":448,"date":"2016-12-23T08:13:42","date_gmt":"2016-12-23T08:13:42","guid":{"rendered":"https:\/\/redrent.ee\/en\/?page_id=448"},"modified":"2016-12-23T08:18:11","modified_gmt":"2016-12-23T08:18:11","slug":"renting","status":"publish","type":"page","link":"https:\/\/redrent.ee\/en\/renting\/","title":{"rendered":"Renting"},"content":{"rendered":"<div class=\"wpb-content-wrapper\"><p>[vc_row][vc_column][vc_column_text]<\/p>\n<p style=\"text-align: center;\">R.E.D. Trailer Rental O\u00dc offers favorable conditions for both short and long-term rent.<\/p>\n<p style=\"text-align: center;\">Lisaks pakume pikaajalise rendi korral klientide logodega ja soovitud varustusega haagiseid soodsa hinna ja l\u00e4bipaistvate tingimustega.<\/p>\n<p>[\/vc_column_text][vc_empty_space height=&#8221;30px&#8221;][\/vc_column][\/vc_row][vc_row css=&#8221;.vc_custom_1481730676298{padding-top: 30px !important;padding-bottom: 30px !important;}&#8221;][vc_column el_class=&#8221;rent-red-border&#8221;][vc_row_inner equal_height=&#8221;yes&#8221; css=&#8221;.vc_custom_1481730870693{padding-top: 30px !important;padding-bottom: 30px !important;}&#8221;][vc_column_inner width=&#8221;1\/3&#8243; css=&#8221;.vc_custom_1481730938384{padding-top: 30px !important;padding-bottom: 15px !important;}&#8221;][zo_fancybox_single class=&#8221;fancybox-rent-border&#8221; icon_type=&#8221;linecons&#8221; icon_align=&#8221;center&#8221; icon_linecons=&#8221;vc_li vc_li-diamond&#8221; title_item=&#8221;Rental price includes&#8221; title_align=&#8221;center&#8221; content_align=&#8221;center&#8221; zo_template=&#8221;zo_fancybox_single.php&#8221;][\/vc_column_inner][vc_column_inner width=&#8221;1\/3&#8243;][zo_heading text=&#8221;\u2014 traffic insurance&#8221; element=&#8221;h6&#8243; line_height=&#8221;26&#8243; zo_template=&#8221;zo_heading.php&#8221; font_size=&#8221;16&#8243;][vc_empty_space height=&#8221;5px&#8221;][zo_heading text=&#8221;\u2014 theft insurance&#8221; element=&#8221;h5&#8243; line_height=&#8221;26&#8243; zo_template=&#8221;zo_heading.php&#8221; font_size=&#8221;16&#8243;][vc_empty_space height=&#8221;5px&#8221;][zo_heading text=&#8221;\u2014 accident insurance&#8221; element=&#8221;h5&#8243; line_height=&#8221;26&#8243; zo_template=&#8221;zo_heading.php&#8221; font_size=&#8221;16&#8243;][vc_empty_space height=&#8221;5px&#8221;][zo_heading text=&#8221;\u2014 international technical vehicle inspection certificate, together with the corresponding&#8221; element=&#8221;h5&#8243; line_height=&#8221;26&#8243; zo_template=&#8221;zo_heading.php&#8221; font_size=&#8221;16&#8243;][\/vc_column_inner][vc_column_inner width=&#8221;1\/3&#8243;][zo_heading text=&#8221;\u2014 factory guarantee&#8221; element=&#8221;h6&#8243; line_height=&#8221;26&#8243; zo_template=&#8221;zo_heading.php&#8221; font_size=&#8221;16&#8243;][vc_empty_space height=&#8221;5px&#8221;][zo_heading text=&#8221;\u2014 after-sales service according to the manufacturer plan&#8221; element=&#8221;h5&#8243; line_height=&#8221;26&#8243; zo_template=&#8221;zo_heading.php&#8221; font_size=&#8221;16&#8243;][vc_empty_space height=&#8221;5px&#8221;][zo_heading text=&#8221;\u2014 Euro \u20265 certificate&#8221; element=&#8221;h5&#8243; line_height=&#8221;26&#8243; zo_template=&#8221;zo_heading.php&#8221; font_size=&#8221;16&#8243;][\/vc_column_inner][\/vc_row_inner][\/vc_column][\/vc_row][vc_row content_placement=&#8221;middle&#8221; css=&#8221;.vc_custom_1481711679440{padding-top: 60px !important;padding-right: 30px !important;padding-bottom: 30px !important;padding-left: 30px !important;}&#8221;][vc_column][vc_column_text]<\/p>\n<h2 style=\"text-align: center;\">Trailers<\/h2>\n<p>[\/vc_column_text][\/vc_column][\/vc_row][vc_row full_height=&#8221;yes&#8221; equal_height=&#8221;yes&#8221; content_placement=&#8221;top&#8221; css=&#8221;.vc_custom_1481712186632{background-color: #f9f9f9 !important;}&#8221;][vc_column width=&#8221;1\/3&#8243; css=&#8221;.vc_custom_1481712000448{padding-top: 30px !important;padding-right: 30px !important;padding-bottom: 30px !important;padding-left: 30px !important;background-color: #ffffff !important;}&#8221;][vc_row_inner equal_height=&#8221;yes&#8221; content_placement=&#8221;top&#8221;][vc_column_inner css=&#8221;.vc_custom_1481707081566{background-color: #ffffff !important;}&#8221;][vc_column_text]<\/p>\n<h3 style=\"text-align: center;\">Our park of trailers consists:<\/h3>\n<p>[\/vc_column_text][\/vc_column_inner][\/vc_row_inner][vc_empty_space height=&#8221;15px&#8221;][vc_single_image image=&#8221;312&#8243; img_size=&#8221;medium&#8221; alignment=&#8221;center&#8221;][vc_empty_space height=&#8221;15px&#8221;][vc_single_image image=&#8221;313&#8243; img_size=&#8221;medium&#8221; alignment=&#8221;center&#8221;][\/vc_column][vc_column width=&#8221;2\/3&#8243;][vc_row_inner equal_height=&#8221;yes&#8221; content_placement=&#8221;top&#8221; css=&#8221;.vc_custom_1481712062718{padding-top: 15px !important;padding-bottom: 15px !important;}&#8221;][vc_column_inner width=&#8221;1\/2&#8243; css=&#8221;.vc_custom_1481707003235{background-color: #f9f9f9 !important;}&#8221;][zo_fancybox_single class=&#8221;fancybox-rent-border&#8221; title_item=&#8221;Kardinhaagised&#8221; title_element=&#8221;h5&#8243; link_url=&#8221;https:\/\/redrent.ee\/wp-content\/uploads\/2016\/12\/Kardinhaagis.pdf&#8221; link_text=&#8221;tehnilised parameetrid, pdf&#8221; target_type=&#8221;_blank&#8221; link_content=&#8221;yes&#8221; zo_title_size=&#8221;h4&#8243; zo_template=&#8221;zo_fancybox_single.php&#8221; content_item=&#8221; &#8220;][vc_empty_space height=&#8221;15px&#8221;][zo_fancybox_single class=&#8221;fancybox-rent-border&#8221; title_item=&#8221;Megahaagised&#8221; title_element=&#8221;h5&#8243; link_url=&#8221;https:\/\/redrent.ee\/wp-content\/uploads\/2016\/12\/Megahaagis.pdf&#8221; link_text=&#8221;tehnilised parameetrid, pdf&#8221; target_type=&#8221;_blank&#8221; link_content=&#8221;yes&#8221; zo_title_size=&#8221;h4&#8243; zo_template=&#8221;zo_fancybox_single.php&#8221; content_item=&#8221; &#8220;][vc_empty_space height=&#8221;15px&#8221;][zo_fancybox_single class=&#8221;fancybox-rent-border&#8221; title_item=&#8221;Double-decker`d (topeltlaadimisv\u00f5imalusega)&#8221; title_element=&#8221;h5&#8243; link_url=&#8221;https:\/\/redrent.ee\/wp-content\/uploads\/2016\/12\/Double-decker.pdf&#8221; link_text=&#8221;tehnilised parameetrid, pdf&#8221; target_type=&#8221;_blank&#8221; link_content=&#8221;yes&#8221; zo_title_size=&#8221;h4&#8243; zo_template=&#8221;zo_fancybox_single.php&#8221; content_item=&#8221; &#8220;][\/vc_column_inner][vc_column_inner width=&#8221;1\/2&#8243; css=&#8221;.vc_custom_1481706988551{background-color: #f9f9f9 !important;}&#8221;][zo_fancybox_single class=&#8221;fancybox-rent-border&#8221; title_item=&#8221;TIR-kardinhaagised&#8221; title_element=&#8221;h5&#8243; link_url=&#8221;https:\/\/redrent.ee\/wp-content\/uploads\/2016\/12\/TIR-kardinhaagis.pdf&#8221; link_text=&#8221;tehnilised parameetrid, pdf&#8221; target_type=&#8221;_blank&#8221; link_content=&#8221;yes&#8221; zo_title_size=&#8221;h4&#8243; zo_template=&#8221;zo_fancybox_single.php&#8221; content_item=&#8221; &#8220;][vc_empty_space height=&#8221;15px&#8221;][zo_fancybox_single class=&#8221;fancybox-rent-border&#8221; title_item=&#8221;Coil-haagised (s\u00fcvendiga)&#8221; title_element=&#8221;h5&#8243; link_url=&#8221;https:\/\/redrent.ee\/wp-content\/uploads\/2016\/12\/Coil-haagis.pdf&#8221; link_text=&#8221;tehnilised parameetrid, pdf&#8221; target_type=&#8221;_blank&#8221; link_content=&#8221;yes&#8221; zo_title_size=&#8221;h4&#8243; zo_template=&#8221;zo_fancybox_single.php&#8221; content_item=&#8221; &#8220;][\/vc_column_inner][\/vc_row_inner][\/vc_column][\/vc_row][vc_row content_placement=&#8221;middle&#8221; css=&#8221;.vc_custom_1481709407724{padding-top: 30px !important;padding-right: 30px !important;padding-bottom: 30px !important;padding-left: 30px !important;}&#8221;][vc_column][vc_empty_space height=&#8221;15px&#8221;][vc_column_text]<\/p>\n<p style=\"text-align: center;\">KRONE ja SCHMITZ kaubam\u00e4rgid on tuntud oma kvaliteedi poolest ning just nende poolhaagiste mugav kasutus on Teile sobilik, kui hindate mugavust ja kiirust.<br \/>\nHaagiste varustusest leiate XL-sertifikaadi, varuratta, lisapostikohad lisapostihoidjatega, t\u00f5stetava esisilla, topelt uksekinnitused ja t\u00f6\u00f6riistakasti.<\/p>\n<p>[\/vc_column_text][\/vc_column][\/vc_row][vc_row][vc_column][vc_empty_space height=&#8221;60px&#8221;][vc_column_text]<\/p>\n<h2 style=\"text-align: center;\">How to rent?<\/h2>\n<p>[\/vc_column_text][vc_empty_space height=&#8221;30px&#8221;][\/vc_column][\/vc_row][vc_row][vc_column width=&#8221;1\/6&#8243;][\/vc_column][vc_column width=&#8221;2\/3&#8243;][vc_column_text]<\/p>\n<p style=\"text-align: center;\">It is always possible to ask information about trailers and the terms of rent by phone +372 5553 0085. You can always ask information and offer by e-mail address <a href=\"mailto:enriko@redrent.ee\">enriko@redrent.ee<\/a><\/p>\n<p style=\"text-align: center;\">Please contact certainly &#8211; flexibility and fast service is guaranteed! We are always mobile for our current and future customers.<\/p>\n<p style=\"text-align: center;\">Trailers are located at Tala 6, Tallinn and Suur-S\u00f5jam\u00e4e 29a, Tallinn.<\/p>\n<p>[\/vc_column_text][\/vc_column][vc_column width=&#8221;1\/6&#8243;][\/vc_column][\/vc_row][vc_row][vc_column][vc_empty_space height=&#8221;30px&#8221;][\/vc_column][\/vc_row]<\/p>\n<\/div>","protected":false},"excerpt":{"rendered":"<p>[vc_row][vc_column][vc_column_text] R.E.D. Trailer Rental O\u00dc offers favorable conditions for both short and long-term rent. Lisaks pakume pikaajalise rendi korral klientide logodega ja soovitud varustusega haagiseid soodsa hinna ja l\u00e4bipaistvate tingimustega&#8230;.<\/p>\n","protected":false},"author":2,"featured_media":0,"parent":0,"menu_order":0,"comment_status":"closed","ping_status":"closed","template":"","meta":{"footnotes":""},"class_list":["post-448","page","type-page","status-publish","hentry"],"yoast_head":"<!-- This site is optimized with the Yoast SEO plugin v26.8 - https:\/\/yoast.com\/product\/yoast-seo-wordpress\/ -->\n<title>Renting - Redrent<\/title>\n<meta name=\"robots\" content=\"index, follow, max-snippet:-1, max-image-preview:large, max-video-preview:-1\" \/>\n<link rel=\"canonical\" href=\"https:\/\/redrent.ee\/en\/renting\/\" \/>\n<meta property=\"og:locale\" content=\"en_US\" \/>\n<meta property=\"og:type\" content=\"article\" \/>\n<meta property=\"og:title\" content=\"Renting - Redrent\" \/>\n<meta property=\"og:description\" content=\"[vc_row][vc_column][vc_column_text] R.E.D. Trailer Rental O\u00dc offers favorable conditions for both short and long-term rent. Lisaks pakume pikaajalise rendi korral klientide logodega ja soovitud varustusega haagiseid soodsa hinna ja l\u00e4bipaistvate tingimustega....\" \/>\n<meta property=\"og:url\" content=\"https:\/\/redrent.ee\/en\/renting\/\" \/>\n<meta property=\"og:site_name\" content=\"Redrent\" \/>\n<meta property=\"article:modified_time\" content=\"2016-12-23T08:18:11+00:00\" \/>\n<meta name=\"twitter:card\" content=\"summary_large_image\" \/>\n<meta name=\"twitter:label1\" content=\"Est. reading time\" \/>\n\t<meta name=\"twitter:data1\" content=\"5 minutes\" \/>\n<script type=\"application\/ld+json\" class=\"yoast-schema-graph\">{\"@context\":\"https:\/\/schema.org\",\"@graph\":[{\"@type\":\"WebPage\",\"@id\":\"https:\/\/redrent.ee\/en\/renting\/\",\"url\":\"https:\/\/redrent.ee\/en\/renting\/\",\"name\":\"Renting - Redrent\",\"isPartOf\":{\"@id\":\"https:\/\/redrent.ee\/#website\"},\"datePublished\":\"2016-12-23T08:13:42+00:00\",\"dateModified\":\"2016-12-23T08:18:11+00:00\",\"breadcrumb\":{\"@id\":\"https:\/\/redrent.ee\/en\/renting\/#breadcrumb\"},\"inLanguage\":\"en-US\",\"potentialAction\":[{\"@type\":\"ReadAction\",\"target\":[\"https:\/\/redrent.ee\/en\/renting\/\"]}]},{\"@type\":\"BreadcrumbList\",\"@id\":\"https:\/\/redrent.ee\/en\/renting\/#breadcrumb\",\"itemListElement\":[{\"@type\":\"ListItem\",\"position\":1,\"name\":\"Home\",\"item\":\"https:\/\/redrent.ee\/en\/red-trailer\/\"},{\"@type\":\"ListItem\",\"position\":2,\"name\":\"Renting\"}]},{\"@type\":\"WebSite\",\"@id\":\"https:\/\/redrent.ee\/#website\",\"url\":\"https:\/\/redrent.ee\/\",\"name\":\"Redrent\",\"description\":\"\",\"publisher\":{\"@id\":\"https:\/\/redrent.ee\/#organization\"},\"potentialAction\":[{\"@type\":\"SearchAction\",\"target\":{\"@type\":\"EntryPoint\",\"urlTemplate\":\"https:\/\/redrent.ee\/?s={search_term_string}\"},\"query-input\":{\"@type\":\"PropertyValueSpecification\",\"valueRequired\":true,\"valueName\":\"search_term_string\"}}],\"inLanguage\":\"en-US\"},{\"@type\":\"Organization\",\"@id\":\"https:\/\/redrent.ee\/#organization\",\"name\":\"R.E.D. Trailer Rental O\u00dc\",\"url\":\"https:\/\/redrent.ee\/\",\"logo\":{\"@type\":\"ImageObject\",\"inLanguage\":\"en-US\",\"@id\":\"https:\/\/redrent.ee\/#\/schema\/logo\/image\/\",\"url\":\"https:\/\/redrent.ee\/wp-content\/uploads\/2026\/01\/logotype-full.png\",\"contentUrl\":\"https:\/\/redrent.ee\/wp-content\/uploads\/2026\/01\/logotype-full.png\",\"width\":475,\"height\":127,\"caption\":\"R.E.D. Trailer Rental O\u00dc\"},\"image\":{\"@id\":\"https:\/\/redrent.ee\/#\/schema\/logo\/image\/\"}}]}<\/script>\n<!-- \/ Yoast SEO plugin. -->","yoast_head_json":{"title":"Renting - Redrent","robots":{"index":"index","follow":"follow","max-snippet":"max-snippet:-1","max-image-preview":"max-image-preview:large","max-video-preview":"max-video-preview:-1"},"canonical":"https:\/\/redrent.ee\/en\/renting\/","og_locale":"en_US","og_type":"article","og_title":"Renting - Redrent","og_description":"[vc_row][vc_column][vc_column_text] R.E.D. Trailer Rental O\u00dc offers favorable conditions for both short and long-term rent. Lisaks pakume pikaajalise rendi korral klientide logodega ja soovitud varustusega haagiseid soodsa hinna ja l\u00e4bipaistvate tingimustega....","og_url":"https:\/\/redrent.ee\/en\/renting\/","og_site_name":"Redrent","article_modified_time":"2016-12-23T08:18:11+00:00","twitter_card":"summary_large_image","twitter_misc":{"Est. reading time":"5 minutes"},"schema":{"@context":"https:\/\/schema.org","@graph":[{"@type":"WebPage","@id":"https:\/\/redrent.ee\/en\/renting\/","url":"https:\/\/redrent.ee\/en\/renting\/","name":"Renting - Redrent","isPartOf":{"@id":"https:\/\/redrent.ee\/#website"},"datePublished":"2016-12-23T08:13:42+00:00","dateModified":"2016-12-23T08:18:11+00:00","breadcrumb":{"@id":"https:\/\/redrent.ee\/en\/renting\/#breadcrumb"},"inLanguage":"en-US","potentialAction":[{"@type":"ReadAction","target":["https:\/\/redrent.ee\/en\/renting\/"]}]},{"@type":"BreadcrumbList","@id":"https:\/\/redrent.ee\/en\/renting\/#breadcrumb","itemListElement":[{"@type":"ListItem","position":1,"name":"Home","item":"https:\/\/redrent.ee\/en\/red-trailer\/"},{"@type":"ListItem","position":2,"name":"Renting"}]},{"@type":"WebSite","@id":"https:\/\/redrent.ee\/#website","url":"https:\/\/redrent.ee\/","name":"Redrent","description":"","publisher":{"@id":"https:\/\/redrent.ee\/#organization"},"potentialAction":[{"@type":"SearchAction","target":{"@type":"EntryPoint","urlTemplate":"https:\/\/redrent.ee\/?s={search_term_string}"},"query-input":{"@type":"PropertyValueSpecification","valueRequired":true,"valueName":"search_term_string"}}],"inLanguage":"en-US"},{"@type":"Organization","@id":"https:\/\/redrent.ee\/#organization","name":"R.E.D. Trailer Rental O\u00dc","url":"https:\/\/redrent.ee\/","logo":{"@type":"ImageObject","inLanguage":"en-US","@id":"https:\/\/redrent.ee\/#\/schema\/logo\/image\/","url":"https:\/\/redrent.ee\/wp-content\/uploads\/2026\/01\/logotype-full.png","contentUrl":"https:\/\/redrent.ee\/wp-content\/uploads\/2026\/01\/logotype-full.png","width":475,"height":127,"caption":"R.E.D. Trailer Rental O\u00dc"},"image":{"@id":"https:\/\/redrent.ee\/#\/schema\/logo\/image\/"}}]}},"_links":{"self":[{"href":"https:\/\/redrent.ee\/en\/wp-json\/wp\/v2\/pages\/448","targetHints":{"allow":["GET"]}}],"collection":[{"href":"https:\/\/redrent.ee\/en\/wp-json\/wp\/v2\/pages"}],"about":[{"href":"https:\/\/redrent.ee\/en\/wp-json\/wp\/v2\/types\/page"}],"author":[{"embeddable":true,"href":"https:\/\/redrent.ee\/en\/wp-json\/wp\/v2\/users\/2"}],"replies":[{"embeddable":true,"href":"https:\/\/redrent.ee\/en\/wp-json\/wp\/v2\/comments?post=448"}],"version-history":[{"count":1,"href":"https:\/\/redrent.ee\/en\/wp-json\/wp\/v2\/pages\/448\/revisions"}],"predecessor-version":[{"id":449,"href":"https:\/\/redrent.ee\/en\/wp-json\/wp\/v2\/pages\/448\/revisions\/449"}],"wp:attachment":[{"href":"https:\/\/redrent.ee\/en\/wp-json\/wp\/v2\/media?parent=448"}],"curies":[{"name":"wp","href":"https:\/\/api.w.org\/{rel}","templated":true}]}}